{"id":93,"date":"2020-06-22T09:23:40","date_gmt":"2020-06-22T07:23:40","guid":{"rendered":"http:\/\/34.254.247.153\/?page_id=93"},"modified":"2021-09-09T23:09:44","modified_gmt":"2021-09-09T21:09:44","slug":"mesures-covid","status":"publish","type":"page","link":"https:\/\/hotelplaza.online\/ca\/mesures-covid\/","title":{"rendered":"MESURES COVID"},"content":{"rendered":"\t\t<div data-elementor-type=\"wp-page\" data-elementor-id=\"93\" class=\"elementor elementor-93\">\n\t\t\t\t\t\t<section class=\"elementor-section elementor-top-section elementor-element elementor-element-5821660b elementor-section-boxed elementor-section-height-default elementor-section-height-default\" data-id=\"5821660b\" data-element_type=\"section\">\n\t\t\t\t\t\t<div class=\"elementor-container elementor-column-gap-default\">\n\t\t\t\t\t\t<\/div>\n\t\t<\/section>\n\t\t\t\t<section class=\"elementor-section elementor-top-section elementor-element elementor-element-b2c5449 elementor-section-boxed elementor-section-height-default elementor-section-height-default\" data-id=\"b2c5449\" data-element_type=\"section\">\n\t\t\t\t\t\t<div class=\"elementor-container elementor-column-gap-default\">\n\t\t\t\t\t<div class=\"elementor-column elementor-col-33 elementor-top-column elementor-element elementor-element-42cb85d\" data-id=\"42cb85d\" data-element_type=\"column\">\n\t\t\t<div class=\"elementor-widget-wrap\">\n\t\t\t\t\t\t\t<\/div>\n\t\t<\/div>\n\t\t\t\t<div class=\"elementor-column elementor-col-33 elementor-top-column elementor-element elementor-element-7094b7b5\" data-id=\"7094b7b5\" data-element_type=\"column\">\n\t\t\t<div class=\"elementor-widget-wrap elementor-element-populated\">\n\t\t\t\t\t\t<div class=\"elementor-element elementor-element-b1cc6f1 elementor-widget elementor-widget-heading\" data-id=\"b1cc6f1\" data-element_type=\"widget\" data-widget_type=\"heading.default\">\n\t\t\t\t<div class=\"elementor-widget-container\">\n\t\t\t\t\t<h2 class=\"elementor-heading-title elementor-size-default\">Mesures Covid<\/h2>\t\t\t\t<\/div>\n\t\t\t\t<\/div>\n\t\t\t\t<div class=\"elementor-element elementor-element-6d8fbf8 elementor-widget elementor-widget-spacer\" data-id=\"6d8fbf8\" data-element_type=\"widget\" data-widget_type=\"spacer.default\">\n\t\t\t\t<div class=\"elementor-widget-container\">\n\t\t\t\t\t\t\t<div class=\"elementor-spacer\">\n\t\t\t<div class=\"elementor-spacer-inner\"><\/div>\n\t\t<\/div>\n\t\t\t\t\t\t<\/div>\n\t\t\t\t<\/div>\n\t\t\t\t<div class=\"elementor-element elementor-element-63b5b847 elementor-widget elementor-widget-text-editor\" data-id=\"63b5b847\" data-element_type=\"widget\" data-widget_type=\"text-editor.default\">\n\t\t\t\t<div class=\"elementor-widget-container\">\n\t\t\t\t\t\t\t\t\t<p><\/p>\n<p>L\u2019hotel Plaza li garanteix totes les mesures de seguretat i protecci\u00f3 pel seu b\u00e9.&nbsp; Seguim un estricte protocol que recull les mesures per garantir una dist\u00e0ncia de seguretat i per extremar les mesures d\u2019higiene i de neteja en cadascuna de les zones de l\u2019hotel, per tal d\u2019evitar la propagaci\u00f3 de la COVID-19 i evitar-ne els contagis.<\/p>\n<p><\/p>\n<p>El personal de l\u2019hotel est\u00e0 informat sobre la COVID-19 perqu\u00e8 pugui fer les tasques assignades amb seguretat i evitar la possible propagaci\u00f3 de la malaltia dins de l\u2019establiment.<\/p>\n<p><\/p>\n<p>Per la seva seguretat, recordi en tot moment&nbsp; seguir les seg\u00fcents instruccions:<\/p>\n<p><\/p>\n<ul>\n<li>Utilitzi el gel desinfectant<\/li>\n<li>Posi\u2019s la mascareta<\/li>\n<li>Mantingui la dist\u00e0ncia de seguretat<\/li>\n<\/ul>\n<p><\/p>\n<h3>10 PUNTS DE PREVENCI\u00d3 I HIGIENE<\/h3>\n<p><\/p>\n<ol>\n<li>Demanem als nostres clients que utilitzin mascaretes (excepte a taula del restaurant), es desinfectin les mans i mantinguin la dist\u00e0ncia de seguretat.<\/li>\n<li>Tots els accessos a l\u2019hotel estan protegits amb catifes desinfectants i hi ha gel hidroalcoh\u00f2lic per tot l\u2019hotel.<\/li>\n<li>Disposem de material espec\u00edfic de prevenci\u00f3 (mascaretes, term\u00f2metres, guants\u2026)<\/li>\n<li>Desinfectem taules ,cadires i estris despr\u00e9s de cada \u00fas.<\/li>\n<li>Utilitzem productes de neteja d\u2019alta efic\u00e0cia per desinfectar.<\/li>\n<li>Hem restringit l\u2019aforament dels banys i hem intensificat els procediments de neteja i desinfecci\u00f3 habituals.<\/li>\n<li>A les zones comunes i restaurant nom\u00e9s es poden reunir com a m\u00e0xim 10 persones de la mateixa fam\u00edlia o vinculaci\u00f3 estreta.<\/li>\n<li>El nostre personal ha rebut una formaci\u00f3 espec\u00edfica de prevenci\u00f3 espec\u00edfica Pla de Neteja i Desinfecci\u00f3 de les instal\u00b7lacions i equips degudament documentat i detallat.<\/li>\n<li>Tot el personal utilitza uniformes desinfectats di\u00e0riament.<\/li>\n<li>Hem confirmat&nbsp; i comprovat amb els&nbsp; nostres prove\u00efdors que&nbsp; segueixen&nbsp; mesures&nbsp; efectives&nbsp; contra la Covid.<\/li>\n<\/ol>\n<p><\/p>\t\t\t\t\t\t\t\t<\/div>\n\t\t\t\t<\/div>\n\t\t\t\t\t<\/div>\n\t\t<\/div>\n\t\t\t\t<div class=\"elementor-column elementor-col-33 elementor-top-column elementor-element elementor-element-421a61b\" data-id=\"421a61b\" data-element_type=\"column\">\n\t\t\t<div class=\"elementor-widget-wrap\">\n\t\t\t\t\t\t\t<\/div>\n\t\t<\/div>\n\t\t\t\t\t<\/div>\n\t\t<\/section>\n\t\t\t\t<\/div>\n\t\t","protected":false},"excerpt":{"rendered":"<p>Mesures Covid L\u2019hotel Plaza li garanteix totes les mesures de seguretat i protecci\u00f3 pel seu b\u00e9.&nbsp; Seguim un estricte protocol que recull les mesures per garantir una dist\u00e0ncia de seguretat i per extremar les mesures d\u2019higiene i de neteja en cadascuna de les zones de l\u2019hotel, per tal d\u2019evitar la propagaci\u00f3 de la COVID-19 i [&hellip;]<\/p>\n","protected":false},"author":1,"featured_media":0,"parent":0,"menu_order":0,"comment_status":"closed","ping_status":"closed","template":"elementor_header_footer","meta":{"ocean_post_layout":"full-screen","ocean_both_sidebars_style":"","ocean_both_sidebars_content_width":0,"ocean_both_sidebars_sidebars_width":0,"ocean_sidebar":"0","ocean_second_sidebar":"0","ocean_disable_margins":"on","ocean_add_body_class":"","ocean_shortcode_before_top_bar":"","ocean_shortcode_after_top_bar":"","ocean_shortcode_before_header":"","ocean_shortcode_after_header":"","ocean_has_shortcode":"","ocean_shortcode_after_title":"","ocean_shortcode_before_footer_widgets":"","ocean_shortcode_after_footer_widgets":"","ocean_shortcode_before_footer_bottom":"","ocean_shortcode_after_footer_bottom":"","ocean_display_top_bar":"default","ocean_display_header":"default","ocean_header_style":"","ocean_center_header_left_menu":"0","ocean_custom_header_template":"0","ocean_custom_logo":0,"ocean_custom_retina_logo":0,"ocean_custom_logo_max_width":0,"ocean_custom_logo_tablet_max_width":0,"ocean_custom_logo_mobile_max_width":0,"ocean_custom_logo_max_height":0,"ocean_custom_logo_tablet_max_height":0,"ocean_custom_logo_mobile_max_height":0,"ocean_header_custom_menu":"0","ocean_menu_typo_font_family":"0","ocean_menu_typo_font_subset":"","ocean_menu_typo_font_size":0,"ocean_menu_typo_font_size_tablet":0,"ocean_menu_typo_font_size_mobile":0,"ocean_menu_typo_font_size_unit":"px","ocean_menu_typo_font_weight":"","ocean_menu_typo_font_weight_tablet":"","ocean_menu_typo_font_weight_mobile":"","ocean_menu_typo_transform":"","ocean_menu_typo_transform_tablet":"","ocean_menu_typo_transform_mobile":"","ocean_menu_typo_line_height":0,"ocean_menu_typo_line_height_tablet":0,"ocean_menu_typo_line_height_mobile":0,"ocean_menu_typo_line_height_unit":"","ocean_menu_typo_spacing":0,"ocean_menu_typo_spacing_tablet":0,"ocean_menu_typo_spacing_mobile":0,"ocean_menu_typo_spacing_unit":"","ocean_menu_link_color":"","ocean_menu_link_color_hover":"","ocean_menu_link_color_active":"","ocean_menu_link_background":"","ocean_menu_link_hover_background":"","ocean_menu_link_active_background":"","ocean_menu_social_links_bg":"","ocean_menu_social_hover_links_bg":"","ocean_menu_social_links_color":"","ocean_menu_social_hover_links_color":"","ocean_disable_title":"on","ocean_disable_heading":"default","ocean_post_title":"","ocean_post_subheading":"","ocean_post_title_style":"","ocean_post_title_background_color":"","ocean_post_title_background":0,"ocean_post_title_bg_image_position":"","ocean_post_title_bg_image_attachment":"","ocean_post_title_bg_image_repeat":"","ocean_post_title_bg_image_size":"","ocean_post_title_height":0,"ocean_post_title_bg_overlay":0.5,"ocean_post_title_bg_overlay_color":"","ocean_disable_breadcrumbs":"off","ocean_breadcrumbs_color":"","ocean_breadcrumbs_separator_color":"","ocean_breadcrumbs_links_color":"","ocean_breadcrumbs_links_hover_color":"","ocean_display_footer_widgets":"default","ocean_display_footer_bottom":"off","ocean_custom_footer_template":"0","footnotes":""},"class_list":["post-93","page","type-page","status-publish","hentry","entry"],"_links":{"self":[{"href":"https:\/\/hotelplaza.online\/ca\/wp-json\/wp\/v2\/pages\/93","targetHints":{"allow":["GET"]}}],"collection":[{"href":"https:\/\/hotelplaza.online\/ca\/wp-json\/wp\/v2\/pages"}],"about":[{"href":"https:\/\/hotelplaza.online\/ca\/wp-json\/wp\/v2\/types\/page"}],"author":[{"embeddable":true,"href":"https:\/\/hotelplaza.online\/ca\/wp-json\/wp\/v2\/users\/1"}],"replies":[{"embeddable":true,"href":"https:\/\/hotelplaza.online\/ca\/wp-json\/wp\/v2\/comments?post=93"}],"version-history":[{"count":12,"href":"https:\/\/hotelplaza.online\/ca\/wp-json\/wp\/v2\/pages\/93\/revisions"}],"predecessor-version":[{"id":3213,"href":"https:\/\/hotelplaza.online\/ca\/wp-json\/wp\/v2\/pages\/93\/revisions\/3213"}],"wp:attachment":[{"href":"https:\/\/hotelplaza.online\/ca\/wp-json\/wp\/v2\/media?parent=93"}],"curies":[{"name":"wp","href":"https:\/\/api.w.org\/{rel}","templated":true}]}}