{"id":333,"date":"2020-06-22T21:10:36","date_gmt":"2020-06-22T19:10:36","guid":{"rendered":"http:\/\/34.254.247.153\/?page_id=333"},"modified":"2021-07-01T10:53:21","modified_gmt":"2021-07-01T08:53:21","slug":"covid-measures","status":"publish","type":"page","link":"https:\/\/hotelplaza.online\/en\/covid-measures\/","title":{"rendered":"COVID MEASURES"},"content":{"rendered":"\t\t<div data-elementor-type=\"wp-page\" data-elementor-id=\"333\" class=\"elementor elementor-333 elementor-93\">\n\t\t\t\t\t\t<section class=\"elementor-section elementor-top-section elementor-element elementor-element-5821660b elementor-section-boxed elementor-section-height-default elementor-section-height-default\" data-id=\"5821660b\" data-element_type=\"section\">\n\t\t\t\t\t\t<div class=\"elementor-container elementor-column-gap-default\">\n\t\t\t\t\t\t<\/div>\n\t\t<\/section>\n\t\t\t\t<section class=\"elementor-section elementor-top-section elementor-element elementor-element-b2c5449 elementor-section-boxed elementor-section-height-default elementor-section-height-default\" data-id=\"b2c5449\" data-element_type=\"section\">\n\t\t\t\t\t\t<div class=\"elementor-container elementor-column-gap-default\">\n\t\t\t\t\t<div class=\"elementor-column elementor-col-33 elementor-top-column elementor-element elementor-element-42cb85d\" data-id=\"42cb85d\" data-element_type=\"column\">\n\t\t\t<div class=\"elementor-widget-wrap\">\n\t\t\t\t\t\t\t<\/div>\n\t\t<\/div>\n\t\t\t\t<div class=\"elementor-column elementor-col-33 elementor-top-column elementor-element elementor-element-7094b7b5\" data-id=\"7094b7b5\" data-element_type=\"column\">\n\t\t\t<div class=\"elementor-widget-wrap elementor-element-populated\">\n\t\t\t\t\t\t<div class=\"elementor-element elementor-element-c5c07ad elementor-widget elementor-widget-heading\" data-id=\"c5c07ad\" data-element_type=\"widget\" data-widget_type=\"heading.default\">\n\t\t\t\t<div class=\"elementor-widget-container\">\n\t\t\t\t\t<h2 class=\"elementor-heading-title elementor-size-default\">COVID MEASURES<\/h2>\t\t\t\t<\/div>\n\t\t\t\t<\/div>\n\t\t\t\t<div class=\"elementor-element elementor-element-697248f elementor-widget elementor-widget-text-editor\" data-id=\"697248f\" data-element_type=\"widget\" data-widget_type=\"text-editor.default\">\n\t\t\t\t<div class=\"elementor-widget-container\">\n\t\t\t\t\t\t\t\t\t<p>The Holiday Inn Andorra hotel guarantees you all the security and protection measures for your property.\u00a0 We follow a strict protocol that includes the measures to ensure a safe distance and to extreme hygiene and cleanliness measures in each of the areas of the hotel, in order to prevent the spread of COVID-19.<\/p><p>Hotel staff is informed about COVID-19 so that they can perform the assigned tasks safely and prevent the possible spread of the disease within the establishment.<\/p><p>For your safety, remember to follow the\u00a0 instructions at all times:<\/p><ul><li>Use disinfectant gel<\/li><li>Put on your mask<\/li><li>Mantingui la dist\u00e0ncia de seguretat<\/li><\/ul>\t\t\t\t\t\t\t\t<\/div>\n\t\t\t\t<\/div>\n\t\t\t\t<div class=\"elementor-element elementor-element-35fc3c9 elementor-widget elementor-widget-heading\" data-id=\"35fc3c9\" data-element_type=\"widget\" data-widget_type=\"heading.default\">\n\t\t\t\t<div class=\"elementor-widget-container\">\n\t\t\t\t\t<h2 class=\"elementor-heading-title elementor-size-default\">10 punts de prevenci\u00f3 i higiene<\/h2>\t\t\t\t<\/div>\n\t\t\t\t<\/div>\n\t\t\t\t<div class=\"elementor-element elementor-element-3cc4b71 elementor-widget elementor-widget-text-editor\" data-id=\"3cc4b71\" data-element_type=\"widget\" data-widget_type=\"text-editor.default\">\n\t\t\t\t<div class=\"elementor-widget-container\">\n\t\t\t\t\t\t\t\t\t<ol><li>Demanem als nostres clients que utilitzin mascaretes (excepte a taula del restaurant\/cafeter\u00eda), es desinfectin les mans i mantinguin la dist\u00e0ncia de seguretat.<\/li><li>Tots els accessos a l\u2019hotel estan protegits amb catifes desinfectants i hi ha gel hidroalcoh\u00f2lic per tot l\u2019hotel.<\/li><li>Disposem de material espec\u00edfic de prevenci\u00f3 (mascaretes, term\u00f2metres, guants\u2026)<\/li><li>Desinfectem taules ,cadires i estris despr\u00e9s de cada \u00fas.<\/li><li>Utilitzem productes de neteja d\u2019alta efic\u00e0cia per desinfectar.<\/li><li>Hem restringit l\u2019aforament dels banys i hem intensificat els procediments de neteja i desinfecci\u00f3 habituals.<\/li><li>A les zones comunes i restaurant nom\u00e9s es poden reunir com a m\u00e0xim 10 persones de la mateixa fam\u00edlia o vinculaci\u00f3 estreta.<\/li><li>El nostre personal ha rebut una formaci\u00f3 espec\u00edfica de prevenci\u00f3 espec\u00edfica Pla de Neteja i Desinfecci\u00f3 de les instal\u00b7lacions i equips degudament documentat i detallat.<\/li><li>Tot el personal utilitza uniformes desinfectats di\u00e0riament.<\/li><li>Hem confirmat\u00a0 i comprovat amb els\u00a0 nostres prove\u00efdors que\u00a0 segueixen\u00a0 mesures\u00a0 efectives\u00a0 contra la covid.<\/li><\/ol>\t\t\t\t\t\t\t\t<\/div>\n\t\t\t\t<\/div>\n\t\t\t\t\t<\/div>\n\t\t<\/div>\n\t\t\t\t<div class=\"elementor-column elementor-col-33 elementor-top-column elementor-element elementor-element-421a61b\" data-id=\"421a61b\" data-element_type=\"column\">\n\t\t\t<div class=\"elementor-widget-wrap\">\n\t\t\t\t\t\t\t<\/div>\n\t\t<\/div>\n\t\t\t\t\t<\/div>\n\t\t<\/section>\n\t\t\t\t<\/div>\n\t\t","protected":false},"excerpt":{"rendered":"<p>COVID MEASURES The Holiday Inn Andorra hotel guarantees you all the security and protection measures for your property.\u00a0 We follow a strict protocol that includes the measures to ensure a safe distance and to extreme hygiene and cleanliness measures in each of the areas of the hotel, in order to prevent the spread of COVID-19. [&hellip;]<\/p>\n","protected":false},"author":1,"featured_media":0,"parent":0,"menu_order":0,"comment_status":"closed","ping_status":"closed","template":"elementor_header_footer","meta":{"ocean_post_layout":"","ocean_both_sidebars_style":"","ocean_both_sidebars_content_width":0,"ocean_both_sidebars_sidebars_width":0,"ocean_sidebar":"0","ocean_second_sidebar":"0","ocean_disable_margins":"on","ocean_add_body_class":"","ocean_shortcode_before_top_bar":"","ocean_shortcode_after_top_bar":"","ocean_shortcode_before_header":"","ocean_shortcode_after_header":"","ocean_has_shortcode":"","ocean_shortcode_after_title":"","ocean_shortcode_before_footer_widgets":"","ocean_shortcode_after_footer_widgets":"","ocean_shortcode_before_footer_bottom":"","ocean_shortcode_after_footer_bottom":"","ocean_display_top_bar":"default","ocean_display_header":"default","ocean_header_style":"","ocean_center_header_left_menu":"0","ocean_custom_header_template":"0","ocean_custom_logo":0,"ocean_custom_retina_logo":0,"ocean_custom_logo_max_width":0,"ocean_custom_logo_tablet_max_width":0,"ocean_custom_logo_mobile_max_width":0,"ocean_custom_logo_max_height":0,"ocean_custom_logo_tablet_max_height":0,"ocean_custom_logo_mobile_max_height":0,"ocean_header_custom_menu":"0","ocean_menu_typo_font_family":"0","ocean_menu_typo_font_subset":"","ocean_menu_typo_font_size":0,"ocean_menu_typo_font_size_tablet":0,"ocean_menu_typo_font_size_mobile":0,"ocean_menu_typo_font_size_unit":"px","ocean_menu_typo_font_weight":"","ocean_menu_typo_font_weight_tablet":"","ocean_menu_typo_font_weight_mobile":"","ocean_menu_typo_transform":"","ocean_menu_typo_transform_tablet":"","ocean_menu_typo_transform_mobile":"","ocean_menu_typo_line_height":0,"ocean_menu_typo_line_height_tablet":0,"ocean_menu_typo_line_height_mobile":0,"ocean_menu_typo_line_height_unit":"","ocean_menu_typo_spacing":0,"ocean_menu_typo_spacing_tablet":0,"ocean_menu_typo_spacing_mobile":0,"ocean_menu_typo_spacing_unit":"","ocean_menu_link_color":"","ocean_menu_link_color_hover":"","ocean_menu_link_color_active":"","ocean_menu_link_background":"","ocean_menu_link_hover_background":"","ocean_menu_link_active_background":"","ocean_menu_social_links_bg":"","ocean_menu_social_hover_links_bg":"","ocean_menu_social_links_color":"","ocean_menu_social_hover_links_color":"","ocean_disable_title":"on","ocean_disable_heading":"default","ocean_post_title":"","ocean_post_subheading":"","ocean_post_title_style":"","ocean_post_title_background_color":"","ocean_post_title_background":0,"ocean_post_title_bg_image_position":"","ocean_post_title_bg_image_attachment":"","ocean_post_title_bg_image_repeat":"","ocean_post_title_bg_image_size":"","ocean_post_title_height":0,"ocean_post_title_bg_overlay":0.5,"ocean_post_title_bg_overlay_color":"","ocean_disable_breadcrumbs":"off","ocean_breadcrumbs_color":"","ocean_breadcrumbs_separator_color":"","ocean_breadcrumbs_links_color":"","ocean_breadcrumbs_links_hover_color":"","ocean_display_footer_widgets":"default","ocean_display_footer_bottom":"off","ocean_custom_footer_template":"0","footnotes":""},"class_list":["post-333","page","type-page","status-publish","hentry","entry"],"_links":{"self":[{"href":"https:\/\/hotelplaza.online\/en\/wp-json\/wp\/v2\/pages\/333","targetHints":{"allow":["GET"]}}],"collection":[{"href":"https:\/\/hotelplaza.online\/en\/wp-json\/wp\/v2\/pages"}],"about":[{"href":"https:\/\/hotelplaza.online\/en\/wp-json\/wp\/v2\/types\/page"}],"author":[{"embeddable":true,"href":"https:\/\/hotelplaza.online\/en\/wp-json\/wp\/v2\/users\/1"}],"replies":[{"embeddable":true,"href":"https:\/\/hotelplaza.online\/en\/wp-json\/wp\/v2\/comments?post=333"}],"version-history":[{"count":9,"href":"https:\/\/hotelplaza.online\/en\/wp-json\/wp\/v2\/pages\/333\/revisions"}],"predecessor-version":[{"id":2600,"href":"https:\/\/hotelplaza.online\/en\/wp-json\/wp\/v2\/pages\/333\/revisions\/2600"}],"wp:attachment":[{"href":"https:\/\/hotelplaza.online\/en\/wp-json\/wp\/v2\/media?parent=333"}],"curies":[{"name":"wp","href":"https:\/\/api.w.org\/{rel}","templated":true}]}}