{"id":131,"date":"2020-06-22T12:07:40","date_gmt":"2020-06-22T10:07:40","guid":{"rendered":"http:\/\/34.254.247.153\/?page_id=131"},"modified":"2021-03-11T09:06:18","modified_gmt":"2021-03-11T08:06:18","slug":"home","status":"publish","type":"page","link":"https:\/\/hotelplaza.online\/es\/home\/","title":{"rendered":"INICIO"},"content":{"rendered":"\n<p>Desde el Hotel Plaza nos gustar\u00eda darle la m\u00e1s sincera bienvenida, as\u00ed como agradecerle haber elegido nuestro establecimiento para su visita en el Principado de Andorra.<\/p>\n\n\n\n<p>Nos adaptamos para garantizar todas las medidas de seguridad y protecci\u00f3n a nuestros clientes.<\/p>\n\n\n\n<p><strong>Nos preocupamos por su bienestar. Limpiamos y desinfectamos las instalaciones siguiendo los m\u00e1s altos est\u00e1ndares de calidad.<\/strong><\/p>\n\n\n\n<p><strong>Le deseamos una experiencia satisfactoria, saludable y segura.<\/strong><\/p>\n\n\n\n<figure class=\"wp-block-image\"><img decoding=\"async\" src=\"https:\/\/i.ya-webdesign.com\/images\/lineas-negras-png-1.png\" alt=\"Lineas Negras Transparent &amp; PNG Clipart Free Download - YAWD\"\/><\/figure>\n\n\n\n<p>Servicio de recepci\u00f3n de 24h. <\/p>\n\n\n\n<p><strong>Whatsapp (+376) 679 444<\/strong><\/p>\n\n\n\n<p>Check in 15.00h &#8211; Check out 12.00h<\/p>\n\n\n\n<p>Free Wifi en todo el hotel<\/p>\n\n\n\n<p>\u2022 Se\u00f1al: HotelPlaza<\/p>\n\n\n\n<p>\u2022 Contrase\u00f1a: WelcomePlaza<\/p>\n","protected":false},"excerpt":{"rendered":"<p>Desde el Hotel Plaza nos gustar\u00eda darle la m\u00e1s sincera bienvenida, as\u00ed como agradecerle haber elegido nuestro establecimiento para su visita en el Principado de Andorra. Nos adaptamos para garantizar todas las medidas de seguridad y protecci\u00f3n a nuestros clientes. Nos preocupamos por su bienestar. Limpiamos y desinfectamos las instalaciones siguiendo los m\u00e1s altos est\u00e1ndares [&hellip;]<\/p>\n","protected":false},"author":1,"featured_media":404,"parent":0,"menu_order":0,"comment_status":"closed","ping_status":"closed","template":"elementor_header_footer","meta":{"ocean_post_layout":"","ocean_both_sidebars_style":"","ocean_both_sidebars_content_width":0,"ocean_both_sidebars_sidebars_width":0,"ocean_sidebar":"0","ocean_second_sidebar":"0","ocean_disable_margins":"enable","ocean_add_body_class":"","ocean_shortcode_before_top_bar":"","ocean_shortcode_after_top_bar":"","ocean_shortcode_before_header":"","ocean_shortcode_after_header":"","ocean_has_shortcode":"","ocean_shortcode_after_title":"","ocean_shortcode_before_footer_widgets":"","ocean_shortcode_after_footer_widgets":"","ocean_shortcode_before_footer_bottom":"","ocean_shortcode_after_footer_bottom":"","ocean_display_top_bar":"default","ocean_display_header":"default","ocean_header_style":"","ocean_center_header_left_menu":"0","ocean_custom_header_template":"0","ocean_custom_logo":0,"ocean_custom_retina_logo":0,"ocean_custom_logo_max_width":0,"ocean_custom_logo_tablet_max_width":0,"ocean_custom_logo_mobile_max_width":0,"ocean_custom_logo_max_height":0,"ocean_custom_logo_tablet_max_height":0,"ocean_custom_logo_mobile_max_height":0,"ocean_header_custom_menu":"0","ocean_menu_typo_font_family":"0","ocean_menu_typo_font_subset":"","ocean_menu_typo_font_size":0,"ocean_menu_typo_font_size_tablet":0,"ocean_menu_typo_font_size_mobile":0,"ocean_menu_typo_font_size_unit":"px","ocean_menu_typo_font_weight":"","ocean_menu_typo_font_weight_tablet":"","ocean_menu_typo_font_weight_mobile":"","ocean_menu_typo_transform":"","ocean_menu_typo_transform_tablet":"","ocean_menu_typo_transform_mobile":"","ocean_menu_typo_line_height":0,"ocean_menu_typo_line_height_tablet":0,"ocean_menu_typo_line_height_mobile":0,"ocean_menu_typo_line_height_unit":"","ocean_menu_typo_spacing":0,"ocean_menu_typo_spacing_tablet":0,"ocean_menu_typo_spacing_mobile":0,"ocean_menu_typo_spacing_unit":"","ocean_menu_link_color":"","ocean_menu_link_color_hover":"","ocean_menu_link_color_active":"","ocean_menu_link_background":"","ocean_menu_link_hover_background":"","ocean_menu_link_active_background":"","ocean_menu_social_links_bg":"","ocean_menu_social_hover_links_bg":"","ocean_menu_social_links_color":"","ocean_menu_social_hover_links_color":"","ocean_disable_title":"on","ocean_disable_heading":"default","ocean_post_title":"","ocean_post_subheading":"","ocean_post_title_style":"","ocean_post_title_background_color":"","ocean_post_title_background":0,"ocean_post_title_bg_image_position":"","ocean_post_title_bg_image_attachment":"","ocean_post_title_bg_image_repeat":"","ocean_post_title_bg_image_size":"","ocean_post_title_height":0,"ocean_post_title_bg_overlay":0.5,"ocean_post_title_bg_overlay_color":"","ocean_disable_breadcrumbs":"off","ocean_breadcrumbs_color":"","ocean_breadcrumbs_separator_color":"","ocean_breadcrumbs_links_color":"","ocean_breadcrumbs_links_hover_color":"","ocean_display_footer_widgets":"default","ocean_display_footer_bottom":"default","ocean_custom_footer_template":"0","footnotes":""},"class_list":["post-131","page","type-page","status-publish","has-post-thumbnail","hentry","entry","has-media"],"_links":{"self":[{"href":"https:\/\/hotelplaza.online\/es\/wp-json\/wp\/v2\/pages\/131","targetHints":{"allow":["GET"]}}],"collection":[{"href":"https:\/\/hotelplaza.online\/es\/wp-json\/wp\/v2\/pages"}],"about":[{"href":"https:\/\/hotelplaza.online\/es\/wp-json\/wp\/v2\/types\/page"}],"author":[{"embeddable":true,"href":"https:\/\/hotelplaza.online\/es\/wp-json\/wp\/v2\/users\/1"}],"replies":[{"embeddable":true,"href":"https:\/\/hotelplaza.online\/es\/wp-json\/wp\/v2\/comments?post=131"}],"version-history":[{"count":3,"href":"https:\/\/hotelplaza.online\/es\/wp-json\/wp\/v2\/pages\/131\/revisions"}],"predecessor-version":[{"id":431,"href":"https:\/\/hotelplaza.online\/es\/wp-json\/wp\/v2\/pages\/131\/revisions\/431"}],"wp:featuredmedia":[{"embeddable":true,"href":"https:\/\/hotelplaza.online\/es\/wp-json\/wp\/v2\/media\/404"}],"wp:attachment":[{"href":"https:\/\/hotelplaza.online\/es\/wp-json\/wp\/v2\/media?parent=131"}],"curies":[{"name":"wp","href":"https:\/\/api.w.org\/{rel}","templated":true}]}}