{"id":317,"date":"2020-06-22T20:42:50","date_gmt":"2020-06-22T18:42:50","guid":{"rendered":"http:\/\/34.254.247.153\/?page_id=317"},"modified":"2020-06-22T21:35:18","modified_gmt":"2020-06-22T19:35:18","slug":"chambre","status":"publish","type":"page","link":"https:\/\/hotelplaza.online\/fr\/chambre\/","title":{"rendered":"CHAMBRE"},"content":{"rendered":"\n<p><a href=\"http:\/\/34.254.247.153\/telephone\/?lang=fr\">T\u00c9L\u00c9PHONE<\/a><\/p>\n\n\n\n<p><a href=\"http:\/\/34.254.247.153\/minibar\/?lang=fr\">MINIBAR<\/a><\/p>\n\n\n\n<p><a href=\"http:\/\/34.254.247.153\/choix-doreillers\/?lang=fr\">CHOIX D&rsquo;OREILLERS<\/a><\/p>\n\n\n\n<p><a href=\"http:\/\/34.254.247.153\/coffre-fort\/?lang=fr\">COFFRE-FORT<\/a><\/p>\n\n\n\n<p><a href=\"http:\/\/34.254.247.153\/blanchisserie\/?lang=fr\">BLANCHISSERIE<\/a><\/p>\n\n\n\n<p><a href=\"http:\/\/34.254.247.153\/service-a-emporter-et-livraison\/?lang=fr\">SERVICE \u00c0 EMPORTER ET LIVRAISON<\/a><\/p>\n\n\n\n<p><a href=\"http:\/\/34.254.247.153\/service-chambre\/?lang=fr\">SERVICE CHAMBRE<\/a><\/p>\n","protected":false},"excerpt":{"rendered":"<p>T\u00c9L\u00c9PHONE MINIBAR CHOIX D&rsquo;OREILLERS COFFRE-FORT BLANCHISSERIE SERVICE \u00c0 EMPORTER ET LIVRAISON SERVICE CHAMBRE<\/p>\n","protected":false},"author":1,"featured_media":0,"parent":0,"menu_order":0,"comment_status":"closed","ping_status":"closed","template":"","meta":{"ocean_post_layout":"","ocean_both_sidebars_style":"","ocean_both_sidebars_content_width":0,"ocean_both_sidebars_sidebars_width":0,"ocean_sidebar":"","ocean_second_sidebar":"","ocean_disable_margins":"enable","ocean_add_body_class":"","ocean_shortcode_before_top_bar":"","ocean_shortcode_after_top_bar":"","ocean_shortcode_before_header":"","ocean_shortcode_after_header":"","ocean_has_shortcode":"","ocean_shortcode_after_title":"","ocean_shortcode_before_footer_widgets":"","ocean_shortcode_after_footer_widgets":"","ocean_shortcode_before_footer_bottom":"","ocean_shortcode_after_footer_bottom":"","ocean_display_top_bar":"default","ocean_display_header":"default","ocean_header_style":"","ocean_center_header_left_menu":"","ocean_custom_header_template":"","ocean_custom_logo":0,"ocean_custom_retina_logo":0,"ocean_custom_logo_max_width":0,"ocean_custom_logo_tablet_max_width":0,"ocean_custom_logo_mobile_max_width":0,"ocean_custom_logo_max_height":0,"ocean_custom_logo_tablet_max_height":0,"ocean_custom_logo_mobile_max_height":0,"ocean_header_custom_menu":"","ocean_menu_typo_font_family":"","ocean_menu_typo_font_subset":"","ocean_menu_typo_font_size":0,"ocean_menu_typo_font_size_tablet":0,"ocean_menu_typo_font_size_mobile":0,"ocean_menu_typo_font_size_unit":"px","ocean_menu_typo_font_weight":"","ocean_menu_typo_font_weight_tablet":"","ocean_menu_typo_font_weight_mobile":"","ocean_menu_typo_transform":"","ocean_menu_typo_transform_tablet":"","ocean_menu_typo_transform_mobile":"","ocean_menu_typo_line_height":0,"ocean_menu_typo_line_height_tablet":0,"ocean_menu_typo_line_height_mobile":0,"ocean_menu_typo_line_height_unit":"","ocean_menu_typo_spacing":0,"ocean_menu_typo_spacing_tablet":0,"ocean_menu_typo_spacing_mobile":0,"ocean_menu_typo_spacing_unit":"","ocean_menu_link_color":"","ocean_menu_link_color_hover":"","ocean_menu_link_color_active":"","ocean_menu_link_background":"","ocean_menu_link_hover_background":"","ocean_menu_link_active_background":"","ocean_menu_social_links_bg":"","ocean_menu_social_hover_links_bg":"","ocean_menu_social_links_color":"","ocean_menu_social_hover_links_color":"","ocean_disable_title":"default","ocean_disable_heading":"default","ocean_post_title":"","ocean_post_subheading":"","ocean_post_title_style":"","ocean_post_title_background_color":"","ocean_post_title_background":0,"ocean_post_title_bg_image_position":"","ocean_post_title_bg_image_attachment":"","ocean_post_title_bg_image_repeat":"","ocean_post_title_bg_image_size":"","ocean_post_title_height":0,"ocean_post_title_bg_overlay":0.5,"ocean_post_title_bg_overlay_color":"","ocean_disable_breadcrumbs":"default","ocean_breadcrumbs_color":"","ocean_breadcrumbs_separator_color":"","ocean_breadcrumbs_links_color":"","ocean_breadcrumbs_links_hover_color":"","ocean_display_footer_widgets":"default","ocean_display_footer_bottom":"default","ocean_custom_footer_template":"","footnotes":""},"class_list":["post-317","page","type-page","status-publish","hentry","entry"],"_links":{"self":[{"href":"https:\/\/hotelplaza.online\/fr\/wp-json\/wp\/v2\/pages\/317","targetHints":{"allow":["GET"]}}],"collection":[{"href":"https:\/\/hotelplaza.online\/fr\/wp-json\/wp\/v2\/pages"}],"about":[{"href":"https:\/\/hotelplaza.online\/fr\/wp-json\/wp\/v2\/types\/page"}],"author":[{"embeddable":true,"href":"https:\/\/hotelplaza.online\/fr\/wp-json\/wp\/v2\/users\/1"}],"replies":[{"embeddable":true,"href":"https:\/\/hotelplaza.online\/fr\/wp-json\/wp\/v2\/comments?post=317"}],"version-history":[{"count":2,"href":"https:\/\/hotelplaza.online\/fr\/wp-json\/wp\/v2\/pages\/317\/revisions"}],"predecessor-version":[{"id":391,"href":"https:\/\/hotelplaza.online\/fr\/wp-json\/wp\/v2\/pages\/317\/revisions\/391"}],"wp:attachment":[{"href":"https:\/\/hotelplaza.online\/fr\/wp-json\/wp\/v2\/media?parent=317"}],"curies":[{"name":"wp","href":"https:\/\/api.w.org\/{rel}","templated":true}]}}